{"id":2,"date":"2026-02-23T15:20:37","date_gmt":"2026-02-23T15:20:37","guid":{"rendered":"http:\/\/model3d.fr\/?page_id=2"},"modified":"2026-02-23T22:17:25","modified_gmt":"2026-02-23T22:17:25","slug":"sample-page","status":"publish","type":"page","link":"http:\/\/model3d.fr\/?page_id=2","title":{"rendered":"A  propos"},"content":{"rendered":"\n<p>J\u2019ai 26 ans et la moto fait partie int\u00e9grante de ma vie depuis maintenant 9 ans. Je roule sur circuit depuis environ 4 ans, avec quelques comp\u00e9titions pour le plaisir. La piste m\u2019a appris la rigueur, la pr\u00e9cision et l\u2019importance du mat\u00e9riel fiable.<\/p>\n\n\n\n<p>Dessinateur industriel de formation, j\u2019ai toujours \u00e9t\u00e9 passionn\u00e9 par la conception, la technique et l\u2019innovation. Tr\u00e8s vite, j\u2019ai constat\u00e9 un manque sur le march\u00e9 : des solutions r\u00e9ellement efficaces pour s\u00e9cher casques, gants et combinaisons, \u00e0 un prix accessible, sans sacrifier la qualit\u00e9.<\/p>\n\n\n\n<p>C\u2019est de ce constat qu\u2019est n\u00e9 mon projet.<\/p>\n\n\n\n<p>Je me lance aujourd\u2019hui dans la conception et la fabrication de s\u00e8che-casques, s\u00e8che-gants et s\u00e8che-combinaisons con\u00e7us en impression 3D. Mon objectif est simple : proposer des produits bien pens\u00e9s, robustes, performants et accessibles. Du low cost, oui \u2014 mais jamais low qualit\u00e9.<\/p>\n\n\n\n<p>Chaque produit est imagin\u00e9 par un passionn\u00e9, pour des passionn\u00e9s. Test\u00e9 dans des conditions r\u00e9elles, sur circuit, avec les exigences que cela implique. Parce qu\u2019apr\u00e8s un roulage, le confort et la durabilit\u00e9 de l\u2019\u00e9quipement ne sont pas un luxe \u2014 c\u2019est une n\u00e9cessit\u00e9.<\/p>\n\n\n\n<p>Ce projet repr\u00e9sente pour moi bien plus qu\u2019une simple activit\u00e9 : c\u2019est la rencontre entre ma passion pour la moto et mon expertise en conception industrielle.<\/p>\n\n\n\n<p>Bienvenue dans l\u2019aventure.<\/p>\n\n\n\n<figure class=\"wp-block-gallery has-nested-images columns-default is-cropped wp-block-gallery-1 is-layout-flex wp-block-gallery-is-layout-flex\">\n<figure class=\"wp-block-image size-large has-custom-border\"><img loading=\"lazy\" decoding=\"async\" width=\"577\" height=\"1024\" data-id=\"99\" src=\"http:\/\/model3d.fr\/wp-content\/uploads\/2026\/02\/20251126_095432-577x1024.jpg\" alt=\"\" class=\"wp-image-99\" style=\"border-width:3px;border-top-left-radius:20px;border-top-right-radius:20px;border-bottom-left-radius:20px;border-bottom-right-radius:20px;aspect-ratio:1\" srcset=\"http:\/\/model3d.fr\/wp-content\/uploads\/2026\/02\/20251126_095432-577x1024.jpg 577w, http:\/\/model3d.fr\/wp-content\/uploads\/2026\/02\/20251126_095432-169x300.jpg 169w, http:\/\/model3d.fr\/wp-content\/uploads\/2026\/02\/20251126_095432-768x1364.jpg 768w, http:\/\/model3d.fr\/wp-content\/uploads\/2026\/02\/20251126_095432-865x1536.jpg 865w, http:\/\/model3d.fr\/wp-content\/uploads\/2026\/02\/20251126_095432-rotated.jpg 1126w\" sizes=\"auto, (max-width: 577px) 100vw, 577px\" \/><\/figure>\n\n\n\n<figure class=\"wp-block-image size-large has-custom-border\"><img loading=\"lazy\" decoding=\"async\" width=\"577\" height=\"1024\" data-id=\"100\" src=\"http:\/\/model3d.fr\/wp-content\/uploads\/2026\/02\/20251126_095528-577x1024.jpg\" alt=\"\" class=\"wp-image-100\" style=\"border-width:3px;border-top-left-radius:20px;border-top-right-radius:20px;border-bottom-left-radius:20px;border-bottom-right-radius:20px;aspect-ratio:1\" srcset=\"http:\/\/model3d.fr\/wp-content\/uploads\/2026\/02\/20251126_095528-577x1024.jpg 577w, http:\/\/model3d.fr\/wp-content\/uploads\/2026\/02\/20251126_095528-169x300.jpg 169w, http:\/\/model3d.fr\/wp-content\/uploads\/2026\/02\/20251126_095528-768x1364.jpg 768w, http:\/\/model3d.fr\/wp-content\/uploads\/2026\/02\/20251126_095528-865x1536.jpg 865w, http:\/\/model3d.fr\/wp-content\/uploads\/2026\/02\/20251126_095528-rotated.jpg 1126w\" sizes=\"auto, (max-width: 577px) 100vw, 577px\" \/><\/figure>\n<\/figure>\n","protected":false},"excerpt":{"rendered":"<p>J\u2019ai 26 ans et la moto fait partie int\u00e9grante de ma vie depuis maintenant 9 ans. Je roule sur circuit depuis environ 4 ans, avec quelques comp\u00e9titions pour le plaisir. La piste m\u2019a appris la rigueur, la pr\u00e9cision et l\u2019importance du mat\u00e9riel fiable. Dessinateur industriel de formation, j\u2019ai toujours \u00e9t\u00e9 passionn\u00e9 par la conception, la [&hellip;]<\/p>\n","protected":false},"author":1,"featured_media":0,"parent":0,"menu_order":0,"comment_status":"closed","ping_status":"open","template":"","meta":{"footnotes":""},"class_list":["post-2","page","type-page","status-publish","hentry"],"_links":{"self":[{"href":"http:\/\/model3d.fr\/index.php?rest_route=\/wp\/v2\/pages\/2","targetHints":{"allow":["GET"]}}],"collection":[{"href":"http:\/\/model3d.fr\/index.php?rest_route=\/wp\/v2\/pages"}],"about":[{"href":"http:\/\/model3d.fr\/index.php?rest_route=\/wp\/v2\/types\/page"}],"author":[{"embeddable":true,"href":"http:\/\/model3d.fr\/index.php?rest_route=\/wp\/v2\/users\/1"}],"replies":[{"embeddable":true,"href":"http:\/\/model3d.fr\/index.php?rest_route=%2Fwp%2Fv2%2Fcomments&post=2"}],"version-history":[{"count":8,"href":"http:\/\/model3d.fr\/index.php?rest_route=\/wp\/v2\/pages\/2\/revisions"}],"predecessor-version":[{"id":101,"href":"http:\/\/model3d.fr\/index.php?rest_route=\/wp\/v2\/pages\/2\/revisions\/101"}],"wp:attachment":[{"href":"http:\/\/model3d.fr\/index.php?rest_route=%2Fwp%2Fv2%2Fmedia&parent=2"}],"curies":[{"name":"wp","href":"https:\/\/api.w.org\/{rel}","templated":true}]}}